{"id":976,"date":"2022-03-29T10:08:32","date_gmt":"2022-03-29T08:08:32","guid":{"rendered":"http:\/\/relaunch.bleu-and-orange.com\/services\/"},"modified":"2026-01-23T12:04:45","modified_gmt":"2026-01-23T11:04:45","slug":"services","status":"publish","type":"page","link":"https:\/\/bleu-and-orange.com\/en\/services\/","title":{"rendered":"Services"},"content":{"rendered":"<p>[et_pb_section fb_built=&#8221;1&#8243; _builder_version=&#8221;4.16&#8243; _module_preset=&#8221;default&#8221; custom_padding=&#8221;0px||27px||false|false&#8221; global_colors_info=&#8221;{}&#8221;][et_pb_row _builder_version=&#8221;4.16&#8243; _module_preset=&#8221;default&#8221; width=&#8221;100%&#8221; max_width=&#8221;100%&#8221; custom_padding=&#8221;0px||||false|false&#8221; global_colors_info=&#8221;{}&#8221;][et_pb_column type=&#8221;4_4&#8243; _builder_version=&#8221;4.16&#8243; _module_preset=&#8221;default&#8221; global_colors_info=&#8221;{}&#8221;][et_pb_slider _builder_version=&#8221;4.16&#8243; _module_preset=&#8221;default&#8221; module_alignment=&#8221;center&#8221; min_height=&#8221;250px&#8221; auto=&#8221;on&#8221; auto_speed=&#8221;5000&#8243; global_colors_info=&#8221;{}&#8221;][et_pb_slide heading=&#8221;Compliance. People. Companies.&#8221; _builder_version=&#8221;4.16&#8243; _module_preset=&#8221;default&#8221; header_level=&#8221;h2&#8243; header_font_size=&#8221;42px&#8221; background_color=&#8221;#3897DA&#8221; background_enable_color=&#8221;on&#8221; custom_padding=&#8221;0px||0px||false|false&#8221; global_colors_info=&#8221;{}&#8221; sticky_transition=&#8221;on&#8221;][\/et_pb_slide][et_pb_slide heading=&#8221;Strategy. Solution. Implementation.&#8221; _builder_version=&#8221;4.16&#8243; _module_preset=&#8221;default&#8221; header_font_size=&#8221;42px&#8221; background_color=&#8221;#FF9600&#8243; background_enable_color=&#8221;on&#8221; custom_padding=&#8221;0px||0px||false|false&#8221; global_colors_info=&#8221;{}&#8221; sticky_transition=&#8221;on&#8221;][\/et_pb_slide][\/et_pb_slider][\/et_pb_column][\/et_pb_row][\/et_pb_section][et_pb_section fb_built=&#8221;1&#8243; _builder_version=&#8221;4.16&#8243; _module_preset=&#8221;default&#8221; background_enable_image=&#8221;off&#8221; custom_margin=&#8221;0px||||false|false&#8221; custom_padding=&#8221;0px||27px||false|false&#8221; global_colors_info=&#8221;{}&#8221;][et_pb_row _builder_version=&#8221;4.16&#8243; _module_preset=&#8221;default&#8221; global_colors_info=&#8221;{}&#8221;][et_pb_column type=&#8221;4_4&#8243; _builder_version=&#8221;4.16&#8243; _module_preset=&#8221;default&#8221; global_colors_info=&#8221;{}&#8221;][et_pb_text admin_label=&#8221;Headline&#8221; _builder_version=&#8221;4.16&#8243; _module_preset=&#8221;default&#8221; header_text_align=&#8221;center&#8221; global_colors_info=&#8221;{}&#8221;]<\/p>\n<h1>\u2013 Services \u2013<\/h1>\n<p>&nbsp;<\/p>\n<h2>Consulting Covering all Facets of Corporate Compliance and Governance<\/h2>\n<p>[\/et_pb_text][\/et_pb_column][\/et_pb_row][et_pb_row column_structure=&#8221;3_5,2_5&#8243; _builder_version=&#8221;4.16&#8243; _module_preset=&#8221;default&#8221; global_colors_info=&#8221;{}&#8221;][et_pb_column type=&#8221;3_5&#8243; _builder_version=&#8221;4.16&#8243; _module_preset=&#8221;default&#8221; global_colors_info=&#8221;{}&#8221;][et_pb_text _builder_version=&#8221;4.16&#8243; _module_preset=&#8221;default&#8221; global_colors_info=&#8221;{}&#8221;]<\/p>\n<p>Dr. Kathrin J. Niewiarra develops tailor-made concepts for your requests and those of your company based on her holistic approach.<\/p>\n<p>She stands for personal consulting tailored to your needs &#8211; whether preventive, accompanying or as lessons learned.<\/p>\n<p>She cooperates with proven specialists from her <a href=\"https:\/\/bleu-and-orange.com\/en\/expertise\/#netzwerk\">bleu&amp;orange\u00ae Network<\/a> to provide interdisciplinary consulting, which she puts together individually and in relation to your project.<\/p>\n<p>[\/et_pb_text][\/et_pb_column][et_pb_column type=&#8221;2_5&#8243; _builder_version=&#8221;4.16&#8243; _module_preset=&#8221;default&#8221; global_colors_info=&#8221;{}&#8221;][et_pb_image src=&#8221;https:\/\/bleu-and-orange.com\/wp-content\/uploads\/2022\/05\/b_and_o_services_en.jpg&#8221; title_text=&#8221;bo_leistungen_de&#8221; _builder_version=&#8221;4.16&#8243; _module_preset=&#8221;default&#8221; global_colors_info=&#8221;{}&#8221;][\/et_pb_image][\/et_pb_column][\/et_pb_row][\/et_pb_section][et_pb_section fb_built=&#8221;1&#8243; _builder_version=&#8221;4.16&#8243; _module_preset=&#8221;default&#8221; use_background_color_gradient=&#8221;on&#8221; background_color_gradient_stops=&#8221;#3897da 0%|rgba(56,151,218,0.85) 100%&#8221; background_color_gradient_start=&#8221;#3897da&#8221; background_color_gradient_end=&#8221;rgba(56,151,218,0.85)&#8221; custom_padding=&#8221;27px||27px||false|false&#8221; global_colors_info=&#8221;{}&#8221;][et_pb_row _builder_version=&#8221;4.16&#8243; _module_preset=&#8221;default&#8221; custom_margin=&#8221;||||false|false&#8221; global_colors_info=&#8221;{}&#8221;][et_pb_column type=&#8221;4_4&#8243; _builder_version=&#8221;4.16&#8243; _module_preset=&#8221;default&#8221; global_colors_info=&#8221;{}&#8221;][et_pb_toggle title=&#8221;1. Holistic Corporate Compliance = Compliance is More than Law and Order.&#8221; open_toggle_text_color=&#8221;#FF9600&#8243; open_toggle_background_color=&#8221;#FFFFFF&#8221; closed_toggle_text_color=&#8221;#3897DA&#8221; closed_toggle_background_color=&#8221;#FFFFFF&#8221; icon_color=&#8221;#FF9600&#8243; use_icon_font_size=&#8221;on&#8221; icon_font_size=&#8221;24px&#8221; open_icon_color=&#8221;#FF9600&#8243; open_use_icon_font_size=&#8221;on&#8221; open_icon_font_size=&#8221;24px&#8221; admin_label=&#8221;1, Ganzheitliche Compliance&#8221; _builder_version=&#8221;4.16&#8243; _module_preset=&#8221;default&#8221; title_text_color=&#8221;#FF9600&#8243; title_font_size=&#8221;18px&#8221; title_line_height=&#8221;1.7em&#8221; closed_title_font_size=&#8221;18px&#8221; custom_margin=&#8221;10px||10px||true|false&#8221; custom_padding=&#8221;0px||0px||false|false&#8221; title_text_color_tablet=&#8221;#3897DA&#8221; title_text_color_phone=&#8221;#3897DA&#8221; title_text_color_last_edited=&#8221;off|desktop&#8221; border_width_all=&#8221;0px&#8221; global_colors_info=&#8221;{}&#8221; title_text_color__hover_enabled=&#8221;off|desktop&#8221; title_text_color__hover=&#8221;#FF9600&#8243;]Comprehensive, value-oriented consulting and support in establishing and implementing Corporate Compliance in accordance with the principles of the honorable businessman with a focus on people.[\/et_pb_toggle][et_pb_toggle title=&#8221;2. CSR, ESG and Human Rights = Compliance and Sustainability go Hand in Hand.&#8221; open_toggle_text_color=&#8221;#FF9600&#8243; open_toggle_background_color=&#8221;#FFFFFF&#8221; closed_toggle_text_color=&#8221;#3897DA&#8221; closed_toggle_background_color=&#8221;#FFFFFF&#8221; icon_color=&#8221;#FF9600&#8243; use_icon_font_size=&#8221;on&#8221; icon_font_size=&#8221;24px&#8221; open_icon_color=&#8221;#FF9600&#8243; open_use_icon_font_size=&#8221;on&#8221; open_icon_font_size=&#8221;24px&#8221; admin_label=&#8221;2. CSR&#8221; _builder_version=&#8221;4.16&#8243; _module_preset=&#8221;default&#8221; title_text_color=&#8221;#3897DA&#8221; title_font_size=&#8221;18px&#8221; title_line_height=&#8221;1.7em&#8221; closed_title_font_size=&#8221;18px&#8221; custom_margin=&#8221;10px||10px||true|false&#8221; custom_padding=&#8221;0px||0px||false|false&#8221; border_width_all=&#8221;0px&#8221; global_colors_info=&#8221;{}&#8221; title_text_color__hover_enabled=&#8221;on|hover&#8221; title_text_color__hover=&#8221;#FF9600&#8243;]Integrated concepts and practical implementation according to legal requirements for the entire supply and value chain with my interdisciplinary bleu&amp;orange\u00ae Expert Network.[\/et_pb_toggle][et_pb_toggle title=&#8221;3. Ombudsperson \/ Complaints Office according to LkSG \/ Whistleblower System = The Focus is on People.&#8221; open_toggle_text_color=&#8221;#FF9600&#8243; open_toggle_background_color=&#8221;#FFFFFF&#8221; closed_toggle_text_color=&#8221;#3897DA&#8221; closed_toggle_background_color=&#8221;#FFFFFF&#8221; icon_color=&#8221;#FF9600&#8243; use_icon_font_size=&#8221;on&#8221; icon_font_size=&#8221;24px&#8221; open_icon_color=&#8221;#FF9600&#8243; open_use_icon_font_size=&#8221;on&#8221; open_icon_font_size=&#8221;24px&#8221; admin_label=&#8221;3, Ombudsperson&#8221; _builder_version=&#8221;4.27.4&#8243; _module_preset=&#8221;default&#8221; title_text_color=&#8221;#3897DA&#8221; title_font_size=&#8221;18px&#8221; title_line_height=&#8221;1.7em&#8221; closed_title_font_size=&#8221;18px&#8221; custom_margin=&#8221;10px||10px||false|false&#8221; custom_padding=&#8221;0px||0px||false|false&#8221; hover_enabled=&#8221;0&#8243; border_width_all=&#8221;0px&#8221; global_colors_info=&#8221;{}&#8221; sticky_enabled=&#8221;0&#8243;]<\/p>\n<p>A system tailored to your needs which offers points of contact with legal as well as person-centered expertise, including the use of internet-based whistleblowing systems.<\/p>\n<p>These companies trust us as their Ombudsman Office:<\/p>\n<ul>\n<li>BECKER &amp; KRIES Unternehmensgruppe<\/li>\n<li>Bergische Industrie- und Handelskammer<\/li>\n<li>BMW Foundation Herbert Quandt<\/li>\n<li>BR Berlin Recycling GmbH<\/li>\n<li>BRITA Gruppe<\/li>\n<li>C. Melchers GmbH &amp; Co. KG<\/li>\n<li>CosMed GmbH &amp; Co. KG<\/li>\n<li>IGEL Technology GmbH<\/li>\n<li>Meininger Holding GmbH<\/li>\n<li>MELCHERS Gruppe<\/li>\n<li>MINDA Group<\/li>\n<li>M\u00fcller-Bor\u00e9 &amp; Partner Patentanw\u00e4lte PartG mbB<\/li>\n<li>New Frontier GmbH<\/li>\n<li>Schr\u00f6dinger GmbH<\/li>\n<li>SFC Energy AG<\/li>\n<li>Solarwatt Gruppe<\/li>\n<li>St. Elisabeth-Stiftung<\/li>\n<li>Stadtwerke Burg Energienetze GmbH<\/li>\n<li>Stadtwerke Burg GmbH<\/li>\n<li>St\u00e4dtische Wohnungsgesellschaft Pirna mbh<\/li>\n<li>SV Wehen 1926 Wiesbaden GmbH<\/li>\n<li>The Quality Group Gruppe<\/li>\n<li>Unternehmensgruppe Stadtwerke Ahlen<\/li>\n<li>Werraland Lebenswelten e.V.<\/li>\n<li>WKW Gruppe<\/li>\n<\/ul>\n<p><a class=\"et_pb_button\" href=\"https:\/\/bleu-and-orange.com\/en\/whistleblower-system\/\">Read more<\/a><\/p>\n<p>[\/et_pb_toggle][et_pb_toggle title=&#8221;4. Value-oriented Corporate Governance = It all Starts with Values.&#8221; open_toggle_text_color=&#8221;#FF9600&#8243; open_toggle_background_color=&#8221;#FFFFFF&#8221; closed_toggle_text_color=&#8221;#3897DA&#8221; closed_toggle_background_color=&#8221;#FFFFFF&#8221; icon_color=&#8221;#FF9600&#8243; use_icon_font_size=&#8221;on&#8221; icon_font_size=&#8221;24px&#8221; open_icon_color=&#8221;#FF9600&#8243; open_use_icon_font_size=&#8221;on&#8221; open_icon_font_size=&#8221;24px&#8221; admin_label=&#8221;4.\tWerteorientierte Corporate Governance&#8221; _builder_version=&#8221;4.16&#8243; _module_preset=&#8221;default&#8221; title_text_color=&#8221;#3897DA&#8221; title_font_size=&#8221;18px&#8221; title_line_height=&#8221;1.7em&#8221; closed_title_font_size=&#8221;18px&#8221; custom_margin=&#8221;10px||10px||false|false&#8221; custom_padding=&#8221;0px||0px||false|false&#8221; border_width_all=&#8221;0px&#8221; global_colors_info=&#8221;{}&#8221;]Support in the establishment and implementation of a value strategy for your company &#8211; anchor and live corporate governance and compliance as well as your values not only in your code of conduct, but as part of your corporate strategy.[\/et_pb_toggle][et_pb_toggle title=&#8221;5. Reputation Management = Your Reputation is your Survival Insurance.&#8221; open_toggle_text_color=&#8221;#FF9600&#8243; open_toggle_background_color=&#8221;#FFFFFF&#8221; closed_toggle_text_color=&#8221;#3897DA&#8221; closed_toggle_background_color=&#8221;#FFFFFF&#8221; icon_color=&#8221;#FF9600&#8243; use_icon_font_size=&#8221;on&#8221; icon_font_size=&#8221;24px&#8221; open_icon_color=&#8221;#FF9600&#8243; open_use_icon_font_size=&#8221;on&#8221; open_icon_font_size=&#8221;24px&#8221; admin_label=&#8221;5. Reputationsmanagement&#8221; _builder_version=&#8221;4.16&#8243; _module_preset=&#8221;default&#8221; title_text_color=&#8221;#3897DA&#8221; title_font_size=&#8221;18px&#8221; title_line_height=&#8221;1.7em&#8221; closed_title_font_size=&#8221;18px&#8221; custom_margin=&#8221;10px||10px||false|false&#8221; custom_padding=&#8221;0px||0px||false|false&#8221; border_width_all=&#8221;0px&#8221; global_colors_info=&#8221;{}&#8221;]In cooperation with leading experts from my bleu&amp;orange\u00ae Network, we support you to make your reputation (compliance-)crisis-proof.[\/et_pb_toggle][\/et_pb_column][\/et_pb_row][\/et_pb_section][et_pb_section fb_built=&#8221;1&#8243; disabled_on=&#8221;off|off|off&#8221; module_class=&#8221;section-orange&#8221; _builder_version=&#8221;4.16&#8243; _module_preset=&#8221;default&#8221; use_background_color_gradient=&#8221;on&#8221; background_color_gradient_direction=&#8221;90deg&#8221; background_color_gradient_stops=&#8221;#ff9600 0%|rgba(255,150,0,0.85) 100%&#8221; background_color_gradient_start=&#8221;#ff9600&#8243; background_color_gradient_end=&#8221;rgba(255,150,0,0.85)&#8221; custom_margin=&#8221;||||false|false&#8221; custom_padding=&#8221;27px||27px||false|false&#8221; global_colors_info=&#8221;{}&#8221;][et_pb_row _builder_version=&#8221;4.16&#8243; _module_preset=&#8221;default&#8221; global_colors_info=&#8221;{}&#8221;][et_pb_column type=&#8221;4_4&#8243; _builder_version=&#8221;4.16&#8243; _module_preset=&#8221;default&#8221; global_colors_info=&#8221;{}&#8221;][et_pb_text _builder_version=&#8221;4.16&#8243; _module_preset=&#8221;default&#8221; text_text_color=&#8221;#FFFFFF&#8221; global_colors_info=&#8221;{}&#8221;]Dr. Kathrin J. Niewiarra:<\/p>\n<p>&#8220;Properly understood, integrated and implemented, holistic Corporate Compliance, including a value strategy tailored to your business, is a smart choice and contributes to your company&#8217;s sustainable success.&#8221;[\/et_pb_text][\/et_pb_column][\/et_pb_row][\/et_pb_section]<\/p>\n","protected":false},"excerpt":{"rendered":"<p>\u2013 Services \u2013 &nbsp; Consulting Covering all Facets of Corporate Compliance and GovernanceDr. Kathrin J. Niewiarra develops tailor-made concepts for your requests and those of your company based on her holistic approach. She stands for personal consulting tailored to your needs &#8211; whether preventive, accompanying or as lessons learned. She cooperates with proven specialists from [&hellip;]<\/p>\n","protected":false},"author":1,"featured_media":0,"parent":0,"menu_order":20,"comment_status":"closed","ping_status":"closed","template":"","meta":{"_et_pb_use_builder":"on","_et_pb_old_content":"","_et_gb_content_width":"","inline_featured_image":false,"footnotes":""},"class_list":["post-976","page","type-page","status-publish","hentry"],"_links":{"self":[{"href":"https:\/\/bleu-and-orange.com\/en\/wp-json\/wp\/v2\/pages\/976","targetHints":{"allow":["GET"]}}],"collection":[{"href":"https:\/\/bleu-and-orange.com\/en\/wp-json\/wp\/v2\/pages"}],"about":[{"href":"https:\/\/bleu-and-orange.com\/en\/wp-json\/wp\/v2\/types\/page"}],"author":[{"embeddable":true,"href":"https:\/\/bleu-and-orange.com\/en\/wp-json\/wp\/v2\/users\/1"}],"replies":[{"embeddable":true,"href":"https:\/\/bleu-and-orange.com\/en\/wp-json\/wp\/v2\/comments?post=976"}],"version-history":[{"count":76,"href":"https:\/\/bleu-and-orange.com\/en\/wp-json\/wp\/v2\/pages\/976\/revisions"}],"predecessor-version":[{"id":1752,"href":"https:\/\/bleu-and-orange.com\/en\/wp-json\/wp\/v2\/pages\/976\/revisions\/1752"}],"wp:attachment":[{"href":"https:\/\/bleu-and-orange.com\/en\/wp-json\/wp\/v2\/media?parent=976"}],"curies":[{"name":"wp","href":"https:\/\/api.w.org\/{rel}","templated":true}]}}